{"id":401,"date":"2021-06-16T10:02:19","date_gmt":"2021-06-16T14:02:19","guid":{"rendered":"https:\/\/sivamtl.ca\/anglais\/"},"modified":"2021-06-16T10:02:23","modified_gmt":"2021-06-16T14:02:23","slug":"anglais","status":"publish","type":"page","link":"https:\/\/sivamtl.ca\/fr\/anglais\/","title":{"rendered":"Anglais"},"content":{"rendered":"<p>[et_pb_section fb_built=&#8221;1&#8243; custom_padding_last_edited=&#8221;on|phone&#8221; admin_label=&#8221;Header&#8221; _builder_version=&#8221;4.9.6&#8243; _module_preset=&#8221;default&#8221; background_color=&#8221;#C14927&#8243; background_image=&#8221;https:\/\/sivamtl.ca\/wp-content\/uploads\/2021\/06\/pexels-tiger-lily-4484073-e1623439905424.jpg&#8221; background_position=&#8221;top_center&#8221; background_blend=&#8221;multiply&#8221; custom_padding=&#8221;8vw||0vw||false|false&#8221; custom_padding_tablet=&#8221;&#8221; custom_padding_phone=&#8221;&#8221; locked=&#8221;off&#8221;][et_pb_row column_structure=&#8221;1_2,1_2&#8243; _builder_version=&#8221;4.6.1&#8243; _module_preset=&#8221;default&#8221;][et_pb_column type=&#8221;1_2&#8243; _builder_version=&#8221;4.6.1&#8243; _module_preset=&#8221;default&#8221;][et_pb_text _builder_version=&#8221;4.9.4&#8243; _module_preset=&#8221;default&#8221; header_font=&#8221;Merriweather|300|||||||&#8221; header_font_size=&#8221;64px&#8221; header_line_height=&#8221;1.4em&#8221; header_3_font=&#8221;|700||on|||||&#8221; header_3_font_size=&#8221;14px&#8221; header_3_letter_spacing=&#8221;4px&#8221; header_3_line_height=&#8221;1.4em&#8221; background_layout=&#8221;dark&#8221; header_font_size_tablet=&#8221;48px&#8221; header_font_size_phone=&#8221;34px&#8221; header_font_size_last_edited=&#8221;on|phone&#8221;]<\/p>\n<h1>Rejoignez notre \u00e9quipe !<\/h1>\n<p>[\/et_pb_text][\/et_pb_column][et_pb_column type=&#8221;1_2&#8243; _builder_version=&#8221;4.6.1&#8243; _module_preset=&#8221;default&#8221; custom_padding=&#8221;30px||||false|false&#8221; custom_padding_tablet=&#8221;0px||||false|false&#8221; custom_padding_phone=&#8221;&#8221; custom_padding_last_edited=&#8221;on|phone&#8221;][\/et_pb_column][\/et_pb_row][\/et_pb_section][et_pb_section fb_built=&#8221;1&#8243; _builder_version=&#8221;4.9.6&#8243; _module_preset=&#8221;default&#8221; hover_enabled=&#8221;0&#8243; background_color=&#8221;rgba(193,73,39,0.04)&#8221; sticky_enabled=&#8221;0&#8243;][et_pb_row _builder_version=&#8221;4.9.4&#8243; _module_preset=&#8221;default&#8221;][et_pb_column type=&#8221;4_4&#8243; _builder_version=&#8221;4.9.4&#8243; _module_preset=&#8221;default&#8221;][et_pb_code _builder_version=&#8221;4.9.4&#8243; _module_preset=&#8221;default&#8221;]<!-- [et_pb_line_break_holder] -->    <iframeWPML_COMMENT_9142_0      id=\"JotFormIFrame-211573996430259\"WPML_COMMENT_9142_0      title=\"English Job Application Form\"WPML_COMMENT_9142_0      onload=\"window.parent.scrollTo(0,0)\"WPML_COMMENT_9142_0      allowtransparency=\"true\"WPML_COMMENT_9142_0      allowfullscreen=\"true\"WPML_COMMENT_9142_0      allow=\"geolocation; microphone; camera\"WPML_COMMENT_9142_0      src=\"https:\/\/form.jotform.com\/211573996430259\"WPML_COMMENT_9142_0      frameborder=\"0\"WPML_COMMENT_9142_0      style=\"WPML_COMMENT_9142_0      min-width: 100%;WPML_COMMENT_9142_0      height:539px;WPML_COMMENT_9142_0      border:none;\"WPML_COMMENT_9142_0      scrolling=\"no\"WPML_COMMENT_9142_0    ><!-- [et_pb_line_break_holder] -->    <\/iframe><!-- [et_pb_line_break_holder] -->    <script type=\"text\/javascript\"><!-- [et_pb_line_break_holder] -->      var ifr = document.getElementById(\"JotFormIFrame-211573996430259\");<!-- [et_pb_line_break_holder] -->      if (ifr) {<!-- [et_pb_line_break_holder] -->        var src = ifr.src;<!-- [et_pb_line_break_holder] -->        var iframeParams = [];<!-- [et_pb_line_break_holder] -->        if (window.location.href && window.location.href.indexOf(\"?\") > -1) {<!-- [et_pb_line_break_holder] -->          iframeParams = iframeParams.concat(window.location.href.substr(window.location.href.indexOf(\"?\") + 1).split('&'));<!-- [et_pb_line_break_holder] -->        }<!-- [et_pb_line_break_holder] -->        if (src && src.indexOf(\"?\") > -1) {<!-- [et_pb_line_break_holder] -->          iframeParams = iframeParams.concat(src.substr(src.indexOf(\"?\") + 1).split(\"&\"));<!-- [et_pb_line_break_holder] -->          src = src.substr(0, src.indexOf(\"?\"))<!-- [et_pb_line_break_holder] -->        }<!-- [et_pb_line_break_holder] -->        iframeParams.push(\"isIframeEmbed=1\");<!-- [et_pb_line_break_holder] -->        ifr.src = src + \"?\" + iframeParams.join('&');<!-- [et_pb_line_break_holder] -->      }<!-- [et_pb_line_break_holder] -->      window.handleIFrameMessage = function(e) {<!-- [et_pb_line_break_holder] -->        if (typeof e.data === 'object') { return; }<!-- [et_pb_line_break_holder] -->        var args = e.data.split(\":\");<!-- [et_pb_line_break_holder] -->        if (args.length > 2) { iframe = document.getElementById(\"JotFormIFrame-\" + args[(args.length - 1)]); } else { iframe = document.getElementById(\"JotFormIFrame\"); }<!-- [et_pb_line_break_holder] -->        if (!iframe) { return; }<!-- [et_pb_line_break_holder] -->        switch (args[0]) {<!-- [et_pb_line_break_holder] -->          case \"scrollIntoView\":<!-- [et_pb_line_break_holder] -->            iframe.scrollIntoView();<!-- [et_pb_line_break_holder] -->            break;<!-- [et_pb_line_break_holder] -->          case \"setHeight\":<!-- [et_pb_line_break_holder] -->            iframe.style.height = args[1] + \"px\";<!-- [et_pb_line_break_holder] -->            break;<!-- [et_pb_line_break_holder] -->          case \"collapseErrorPage\":<!-- [et_pb_line_break_holder] -->            if (iframe.clientHeight > window.innerHeight) {<!-- [et_pb_line_break_holder] -->              iframe.style.height = window.innerHeight + \"px\";<!-- [et_pb_line_break_holder] -->            }<!-- [et_pb_line_break_holder] -->            break;<!-- [et_pb_line_break_holder] -->          case \"reloadPage\":<!-- [et_pb_line_break_holder] -->            window.location.reload();<!-- [et_pb_line_break_holder] -->            break;<!-- [et_pb_line_break_holder] -->          case \"loadScript\":<!-- [et_pb_line_break_holder] -->            if( !window.isPermitted(e.origin, ['jotform.com', 'jotform.pro']) ) { break; }<!-- [et_pb_line_break_holder] -->            var src = args[1];<!-- [et_pb_line_break_holder] -->            if (args.length > 3) {<!-- [et_pb_line_break_holder] -->                src = args[1] + ':' + args[2];<!-- [et_pb_line_break_holder] -->            }<!-- [et_pb_line_break_holder] -->            var script = document.createElement('script');<!-- [et_pb_line_break_holder] -->            script.src = src;<!-- [et_pb_line_break_holder] -->            script.type = 'text\/javascript';<!-- [et_pb_line_break_holder] -->            document.body.appendChild(script);<!-- [et_pb_line_break_holder] -->            break;<!-- [et_pb_line_break_holder] -->          case \"exitFullscreen\":<!-- [et_pb_line_break_holder] -->            if      (window.document.exitFullscreen)        window.document.exitFullscreen();<!-- [et_pb_line_break_holder] -->            else if (window.document.mozCancelFullScreen)   window.document.mozCancelFullScreen();<!-- [et_pb_line_break_holder] -->            else if (window.document.mozCancelFullscreen)   window.document.mozCancelFullScreen();<!-- [et_pb_line_break_holder] -->            else if (window.document.webkitExitFullscreen)  window.document.webkitExitFullscreen();<!-- [et_pb_line_break_holder] -->            else if (window.document.msExitFullscreen)      window.document.msExitFullscreen();<!-- [et_pb_line_break_holder] -->            break;<!-- [et_pb_line_break_holder] -->        }<!-- [et_pb_line_break_holder] -->        var isJotForm = (e.origin.indexOf(\"jotform\") > -1) ? true : false;<!-- [et_pb_line_break_holder] -->        if(isJotForm && \"contentWindow\" in iframe && \"postMessage\" in iframe.contentWindow) {<!-- [et_pb_line_break_holder] -->          var urls = {\"docurl\":encodeURIComponent(document.URL),\"referrer\":encodeURIComponent(document.referrer)};<!-- [et_pb_line_break_holder] -->          iframe.contentWindow.postMessage(JSON.stringify({\"type\":\"urls\",\"value\":urls}), \"*\");<!-- [et_pb_line_break_holder] -->        }<!-- [et_pb_line_break_holder] -->      };<!-- [et_pb_line_break_holder] -->      window.isPermitted = function(originUrl, whitelisted_domains) {<!-- [et_pb_line_break_holder] -->        var url = document.createElement('a');<!-- [et_pb_line_break_holder] -->        url.href = originUrl;<!-- [et_pb_line_break_holder] -->        var hostname = url.hostname;<!-- [et_pb_line_break_holder] -->        var result = false;<!-- [et_pb_line_break_holder] -->        if( typeof hostname !== 'undefined' ) {<!-- [et_pb_line_break_holder] -->          whitelisted_domains.forEach(function(element) {<!-- [et_pb_line_break_holder] -->              if( hostname.slice((-1 * element.length - 1)) === '.'.concat(element) ||  hostname === element ) {<!-- [et_pb_line_break_holder] -->                  result = true;<!-- [et_pb_line_break_holder] -->              }<!-- [et_pb_line_break_holder] -->          });<!-- [et_pb_line_break_holder] -->          return result;<!-- [et_pb_line_break_holder] -->        }<!-- [et_pb_line_break_holder] -->      }<!-- [et_pb_line_break_holder] -->      if (window.addEventListener) {<!-- [et_pb_line_break_holder] -->        window.addEventListener(\"message\", handleIFrameMessage, false);<!-- [et_pb_line_break_holder] -->      } else if (window.attachEvent) {<!-- [et_pb_line_break_holder] -->        window.attachEvent(\"onmessage\", handleIFrameMessage);<!-- [et_pb_line_break_holder] -->      }<!-- [et_pb_line_break_holder] -->      <\/script>[\/et_pb_code][\/et_pb_column][\/et_pb_row][\/et_pb_section][et_pb_section fb_built=&#8221;1&#8243; custom_padding_last_edited=&#8221;on|tablet&#8221; admin_label=&#8221;Footer&#8221; module_id=&#8221;Contact&#8221; module_class=&#8221;ds-section&#8221; _builder_version=&#8221;4.9.6&#8243; _module_preset=&#8221;default&#8221; background_color=&#8221;#C14927&#8243; background_image=&#8221;https:\/\/sivamtl.ca\/wp-content\/uploads\/2021\/06\/Vana-1.png&#8221; background_size=&#8221;contain&#8221; background_position=&#8221;center_right&#8221; background_blend=&#8221;multiply&#8221; custom_margin_tablet=&#8221;-20px||||false|false&#8221; custom_margin_phone=&#8221;-21px||||false|false&#8221; custom_margin_last_edited=&#8221;on|tablet&#8221; custom_padding=&#8221;88px||101px||false|false&#8221; custom_padding_tablet=&#8221;80px||80px||true|false&#8221; custom_padding_phone=&#8221;60px||60px||true|false&#8221; saved_tabs=&#8221;all&#8221; locked=&#8221;off&#8221;][et_pb_row _builder_version=&#8221;4.9.4&#8243; _module_preset=&#8221;default&#8221; custom_padding=&#8221;||0px|||&#8221;][et_pb_column type=&#8221;4_4&#8243; _builder_version=&#8221;4.9.4&#8243; _module_preset=&#8221;default&#8221;][et_pb_text _builder_version=&#8221;4.9.4&#8243; _module_preset=&#8221;default&#8221; header_2_font=&#8221;Merriweather|300|||||||&#8221; header_2_font_size=&#8221;49px&#8221; header_2_line_height=&#8221;1.4em&#8221; background_layout=&#8221;dark&#8221; header_2_font_size_tablet=&#8221;44px&#8221; header_2_font_size_phone=&#8221;28px&#8221; header_2_font_size_last_edited=&#8221;on|phone&#8221; locked=&#8221;off&#8221;]<\/p>\n<h2 style=\"text-align: center;\">Contactez-nous<\/h2>\n<p>[\/et_pb_text][et_pb_contact_form email=&#8221;marketing@sivamtl.ca&#8221; custom_message=&#8221;Bonjour, Voici une nouvelle demande pour travailler avec nous ! ||et_pb_line_break_holder||||et_pb_line_break_holder||Nom : %%Name%%||et_pb_line_break_holder||Courriel : %%Email%%||et_pb_line_break_holder||||et_pb_line_break_holder||Message : %%Message%%||et_pb_line_break_holder||||et_pb_line_break_holder||Thank you.&#8221; success_message=&#8221;Merci de nous contacter!&#8221; _builder_version=&#8221;4.9.6&#8243; _module_preset=&#8221;default&#8221; form_field_font_size=&#8221;19px&#8221; custom_button=&#8221;on&#8221; button_text_color=&#8221;#FFFFFF&#8221; button_bg_color=&#8221;#895548&#8243; button_border_width=&#8221;0px&#8221; width=&#8221;100%&#8221; max_width=&#8221;100%&#8221; custom_padding=&#8221;0px||12px||false|false&#8221; hover_enabled=&#8221;0&#8243; captcha_text_color=&#8221;#FFFFFF&#8221; sticky_enabled=&#8221;0&#8243;][et_pb_contact_field field_id=&#8221;Name&#8221; field_title=&#8221;Nom&#8221; _builder_version=&#8221;3.16&#8243; button_text_size__hover_enabled=&#8221;off&#8221; button_one_text_size__hover_enabled=&#8221;off&#8221; button_two_text_size__hover_enabled=&#8221;off&#8221; button_text_color__hover_enabled=&#8221;off&#8221; button_one_text_color__hover_enabled=&#8221;off&#8221; button_two_text_color__hover_enabled=&#8221;off&#8221; button_border_width__hover_enabled=&#8221;off&#8221; button_one_border_width__hover_enabled=&#8221;off&#8221; button_two_border_width__hover_enabled=&#8221;off&#8221; button_border_color__hover_enabled=&#8221;off&#8221; button_one_border_color__hover_enabled=&#8221;off&#8221; button_two_border_color__hover_enabled=&#8221;off&#8221; button_border_radius__hover_enabled=&#8221;off&#8221; button_one_border_radius__hover_enabled=&#8221;off&#8221; button_two_border_radius__hover_enabled=&#8221;off&#8221; button_letter_spacing__hover_enabled=&#8221;off&#8221; button_one_letter_spacing__hover_enabled=&#8221;off&#8221; button_two_letter_spacing__hover_enabled=&#8221;off&#8221; button_bg_color__hover_enabled=&#8221;off&#8221; button_one_bg_color__hover_enabled=&#8221;off&#8221; button_two_bg_color__hover_enabled=&#8221;off&#8221;][\/et_pb_contact_field][et_pb_contact_field field_id=&#8221;Email&#8221; field_title=&#8221;Courriel&#8221; field_type=&#8221;email&#8221; _builder_version=&#8221;4.9.4&#8243; button_text_size__hover_enabled=&#8221;off&#8221; button_one_text_size__hover_enabled=&#8221;off&#8221; button_two_text_size__hover_enabled=&#8221;off&#8221; button_text_color__hover_enabled=&#8221;off&#8221; button_one_text_color__hover_enabled=&#8221;off&#8221; button_two_text_color__hover_enabled=&#8221;off&#8221; button_border_width__hover_enabled=&#8221;off&#8221; button_one_border_width__hover_enabled=&#8221;off&#8221; button_two_border_width__hover_enabled=&#8221;off&#8221; button_border_color__hover_enabled=&#8221;off&#8221; button_one_border_color__hover_enabled=&#8221;off&#8221; button_two_border_color__hover_enabled=&#8221;off&#8221; button_border_radius__hover_enabled=&#8221;off&#8221; button_one_border_radius__hover_enabled=&#8221;off&#8221; button_two_border_radius__hover_enabled=&#8221;off&#8221; button_letter_spacing__hover_enabled=&#8221;off&#8221; button_one_letter_spacing__hover_enabled=&#8221;off&#8221; button_two_letter_spacing__hover_enabled=&#8221;off&#8221; button_bg_color__hover_enabled=&#8221;off&#8221; button_one_bg_color__hover_enabled=&#8221;off&#8221; button_two_bg_color__hover_enabled=&#8221;off&#8221;][\/et_pb_contact_field][et_pb_contact_field field_id=&#8221;Message&#8221; field_title=&#8221;Message&#8221; field_type=&#8221;text&#8221; fullwidth_field=&#8221;on&#8221; _builder_version=&#8221;3.16&#8243; button_text_size__hover_enabled=&#8221;off&#8221; button_one_text_size__hover_enabled=&#8221;off&#8221; button_two_text_size__hover_enabled=&#8221;off&#8221; button_text_color__hover_enabled=&#8221;off&#8221; button_one_text_color__hover_enabled=&#8221;off&#8221; button_two_text_color__hover_enabled=&#8221;off&#8221; button_border_width__hover_enabled=&#8221;off&#8221; button_one_border_width__hover_enabled=&#8221;off&#8221; button_two_border_width__hover_enabled=&#8221;off&#8221; button_border_color__hover_enabled=&#8221;off&#8221; button_one_border_color__hover_enabled=&#8221;off&#8221; button_two_border_color__hover_enabled=&#8221;off&#8221; button_border_radius__hover_enabled=&#8221;off&#8221; button_one_border_radius__hover_enabled=&#8221;off&#8221; button_two_border_radius__hover_enabled=&#8221;off&#8221; button_letter_spacing__hover_enabled=&#8221;off&#8221; button_one_letter_spacing__hover_enabled=&#8221;off&#8221; button_two_letter_spacing__hover_enabled=&#8221;off&#8221; button_bg_color__hover_enabled=&#8221;off&#8221; button_one_bg_color__hover_enabled=&#8221;off&#8221; button_two_bg_color__hover_enabled=&#8221;off&#8221;][\/et_pb_contact_field][\/et_pb_contact_form][\/et_pb_column][\/et_pb_row][et_pb_row column_structure=&#8221;1_3,1_3,1_3&#8243; custom_padding_last_edited=&#8221;on|phone&#8221; _builder_version=&#8221;4.6.1&#8243; _module_preset=&#8221;default&#8221; background_color=&#8221;#000000&#8243; custom_margin=&#8221;6vw|auto|6vw|auto|true|false&#8221; custom_padding=&#8221;60px|30px|60px|30px|true|true&#8221; custom_padding_tablet=&#8221;&#8221; custom_padding_phone=&#8221;&#8221; border_color_all=&#8221;#b4926b&#8221; border_width_bottom=&#8221;10px&#8221; locked=&#8221;off&#8221;][et_pb_column type=&#8221;1_3&#8243; _builder_version=&#8221;4.5.1&#8243; _module_preset=&#8221;default&#8221;][et_pb_text _builder_version=&#8221;4.9.4&#8243; text_font=&#8221;|700|||||||&#8221; text_text_color=&#8221;#b4926b&#8221; text_font_size=&#8221;20px&#8221; text_line_height=&#8221;1.4em&#8221; link_text_color=&#8221;#000000&#8243; header_6_font=&#8221;|600||on|||||&#8221; header_6_letter_spacing=&#8221;2px&#8221; header_6_line_height=&#8221;1.2em&#8221; text_orientation=&#8221;center&#8221; background_layout=&#8221;dark&#8221; text_font_size_tablet=&#8221;18px&#8221; text_font_size_phone=&#8221;16px&#8221; text_font_size_last_edited=&#8221;on|phone&#8221; locked=&#8221;off&#8221;]<\/p>\n<h6>T\u00e9l\u00e9phone<\/h6>\n<p>(514)-571-4802<\/p>\n<p>[\/et_pb_text][\/et_pb_column][et_pb_column type=&#8221;1_3&#8243; _builder_version=&#8221;4.5.1&#8243; _module_preset=&#8221;default&#8221;][et_pb_text _builder_version=&#8221;4.9.4&#8243; text_font=&#8221;|700|||||||&#8221; text_text_color=&#8221;#b4926b&#8221; text_font_size=&#8221;20px&#8221; text_line_height=&#8221;1.4em&#8221; link_text_color=&#8221;#b4926b&#8221; header_6_font=&#8221;|600||on|||||&#8221; header_6_letter_spacing=&#8221;2px&#8221; header_6_line_height=&#8221;1.2em&#8221; text_orientation=&#8221;center&#8221; background_layout=&#8221;dark&#8221; text_font_size_tablet=&#8221;18px&#8221; text_font_size_phone=&#8221;16px&#8221; text_font_size_last_edited=&#8221;on|phone&#8221; locked=&#8221;off&#8221;]<\/p>\n<h6>Courriel<\/h6>\n<p>info@sivamtl.ca<\/p>\n<p>[\/et_pb_text][\/et_pb_column][et_pb_column type=&#8221;1_3&#8243; _builder_version=&#8221;4.5.1&#8243; _module_preset=&#8221;default&#8221;][et_pb_text _builder_version=&#8221;4.6.5&#8243; header_6_font=&#8221;|600||on|||||&#8221; header_6_letter_spacing=&#8221;2px&#8221; header_6_line_height=&#8221;1.2em&#8221; text_orientation=&#8221;center&#8221; background_layout=&#8221;dark&#8221; header_6_font_last_edited=&#8221;off|desktop&#8221; header_6_font_size_tablet=&#8221;14px&#8221; header_6_font_size_last_edited=&#8221;off|phone&#8221; locked=&#8221;off&#8221;]<\/p>\n<h6>Suivez<\/h6>\n<p>[\/et_pb_text][et_pb_social_media_follow icon_color=&#8221;#b4926b&#8221; _builder_version=&#8221;4.9.4&#8243; _module_preset=&#8221;default&#8221; text_orientation=&#8221;center&#8221; custom_margin=&#8221;-30px||||false|false&#8221; custom_margin_tablet=&#8221;-20px||||false|false&#8221; custom_margin_phone=&#8221;&#8221; custom_margin_last_edited=&#8221;on|phone&#8221; locked=&#8221;off&#8221;][et_pb_social_media_follow_network social_network=&#8221;facebook&#8221; _builder_version=&#8221;4.6.1&#8243; _module_preset=&#8221;default&#8221; follow_button=&#8221;off&#8221; url_new_window=&#8221;on&#8221;]facebook[\/et_pb_social_media_follow_network][et_pb_social_media_follow_network social_network=&#8221;instagram&#8221; _builder_version=&#8221;4.5.1&#8243; _module_preset=&#8221;default&#8221; follow_button=&#8221;off&#8221; url_new_window=&#8221;on&#8221;]instagram[\/et_pb_social_media_follow_network][\/et_pb_social_media_follow][\/et_pb_column][\/et_pb_row][\/et_pb_section]<\/p>\n","protected":false},"excerpt":{"rendered":"<p>Rejoignez notre \u00e9quipe !Contactez-nousT\u00e9l\u00e9phone (514)-571-4802Courriel info@sivamtl.caSuivez<\/p>","protected":false},"author":1,"featured_media":0,"parent":0,"menu_order":0,"comment_status":"closed","ping_status":"closed","template":"","meta":{"_et_pb_use_builder":"on","_et_pb_old_content":"","_et_gb_content_width":"","footnotes":""},"class_list":["post-401","page","type-page","status-publish","hentry"],"yoast_head":"<!-- This site is optimized with the Yoast SEO plugin v27.3 - https:\/\/yoast.com\/product\/yoast-seo-wordpress\/ -->\n<title>Anglais - Siva Enterprise<\/title>\n<meta name=\"robots\" content=\"index, follow, max-snippet:-1, max-image-preview:large, max-video-preview:-1\" \/>\n<link rel=\"canonical\" href=\"https:\/\/sivamtl.ca\/fr\/anglais\/\" \/>\n<meta property=\"og:locale\" content=\"fr_CA\" \/>\n<meta property=\"og:type\" content=\"article\" \/>\n<meta property=\"og:title\" content=\"Anglais - Siva Enterprise\" \/>\n<meta property=\"og:description\" content=\"Rejoignez notre \u00e9quipe !Contactez-nousT\u00e9l\u00e9phone (514)-571-4802Courriel info@sivamtl.caSuivez\" \/>\n<meta property=\"og:url\" content=\"https:\/\/sivamtl.ca\/fr\/anglais\/\" \/>\n<meta property=\"og:site_name\" content=\"Siva Enterprise\" \/>\n<meta property=\"article:modified_time\" content=\"2021-06-16T14:02:23+00:00\" \/>\n<meta name=\"twitter:card\" content=\"summary_large_image\" \/>\n<meta name=\"twitter:label1\" content=\"Estimation du temps de lecture\" \/>\n\t<meta name=\"twitter:data1\" content=\"7 minutes\" \/>\n<script type=\"application\/ld+json\" class=\"yoast-schema-graph\">{\"@context\":\"https:\\\/\\\/schema.org\",\"@graph\":[{\"@type\":\"WebPage\",\"@id\":\"https:\\\/\\\/sivamtl.ca\\\/anglais\\\/\",\"url\":\"https:\\\/\\\/sivamtl.ca\\\/anglais\\\/\",\"name\":\"Anglais - Siva Enterprise\",\"isPartOf\":{\"@id\":\"https:\\\/\\\/sivamtl.ca\\\/#website\"},\"datePublished\":\"2021-06-16T14:02:19+00:00\",\"dateModified\":\"2021-06-16T14:02:23+00:00\",\"breadcrumb\":{\"@id\":\"https:\\\/\\\/sivamtl.ca\\\/anglais\\\/#breadcrumb\"},\"inLanguage\":\"fr-CA\",\"potentialAction\":[{\"@type\":\"ReadAction\",\"target\":[\"https:\\\/\\\/sivamtl.ca\\\/anglais\\\/\"]}]},{\"@type\":\"BreadcrumbList\",\"@id\":\"https:\\\/\\\/sivamtl.ca\\\/anglais\\\/#breadcrumb\",\"itemListElement\":[{\"@type\":\"ListItem\",\"position\":1,\"name\":\"Home\",\"item\":\"https:\\\/\\\/sivamtl.ca\\\/\"},{\"@type\":\"ListItem\",\"position\":2,\"name\":\"Anglais\"}]},{\"@type\":\"WebSite\",\"@id\":\"https:\\\/\\\/sivamtl.ca\\\/#website\",\"url\":\"https:\\\/\\\/sivamtl.ca\\\/\",\"name\":\"Siva Enterprise\",\"description\":\"Siva Enterprise\",\"potentialAction\":[{\"@type\":\"SearchAction\",\"target\":{\"@type\":\"EntryPoint\",\"urlTemplate\":\"https:\\\/\\\/sivamtl.ca\\\/?s={search_term_string}\"},\"query-input\":{\"@type\":\"PropertyValueSpecification\",\"valueRequired\":true,\"valueName\":\"search_term_string\"}}],\"inLanguage\":\"fr-CA\"}]}<\/script>\n<!-- \/ Yoast SEO plugin. -->","yoast_head_json":{"title":"Anglais - Siva Enterprise","robots":{"index":"index","follow":"follow","max-snippet":"max-snippet:-1","max-image-preview":"max-image-preview:large","max-video-preview":"max-video-preview:-1"},"canonical":"https:\/\/sivamtl.ca\/fr\/anglais\/","og_locale":"fr_CA","og_type":"article","og_title":"Anglais - Siva Enterprise","og_description":"Rejoignez notre \u00e9quipe !Contactez-nousT\u00e9l\u00e9phone (514)-571-4802Courriel info@sivamtl.caSuivez","og_url":"https:\/\/sivamtl.ca\/fr\/anglais\/","og_site_name":"Siva Enterprise","article_modified_time":"2021-06-16T14:02:23+00:00","twitter_card":"summary_large_image","twitter_misc":{"Estimation du temps de lecture":"7 minutes"},"schema":{"@context":"https:\/\/schema.org","@graph":[{"@type":"WebPage","@id":"https:\/\/sivamtl.ca\/anglais\/","url":"https:\/\/sivamtl.ca\/anglais\/","name":"Anglais - Siva Enterprise","isPartOf":{"@id":"https:\/\/sivamtl.ca\/#website"},"datePublished":"2021-06-16T14:02:19+00:00","dateModified":"2021-06-16T14:02:23+00:00","breadcrumb":{"@id":"https:\/\/sivamtl.ca\/anglais\/#breadcrumb"},"inLanguage":"fr-CA","potentialAction":[{"@type":"ReadAction","target":["https:\/\/sivamtl.ca\/anglais\/"]}]},{"@type":"BreadcrumbList","@id":"https:\/\/sivamtl.ca\/anglais\/#breadcrumb","itemListElement":[{"@type":"ListItem","position":1,"name":"Home","item":"https:\/\/sivamtl.ca\/"},{"@type":"ListItem","position":2,"name":"Anglais"}]},{"@type":"WebSite","@id":"https:\/\/sivamtl.ca\/#website","url":"https:\/\/sivamtl.ca\/","name":"Siva Enterprise","description":"Siva Enterprise","potentialAction":[{"@type":"SearchAction","target":{"@type":"EntryPoint","urlTemplate":"https:\/\/sivamtl.ca\/?s={search_term_string}"},"query-input":{"@type":"PropertyValueSpecification","valueRequired":true,"valueName":"search_term_string"}}],"inLanguage":"fr-CA"}]}},"jetpack_sharing_enabled":true,"_links":{"self":[{"href":"https:\/\/sivamtl.ca\/fr\/wp-json\/wp\/v2\/pages\/401","targetHints":{"allow":["GET"]}}],"collection":[{"href":"https:\/\/sivamtl.ca\/fr\/wp-json\/wp\/v2\/pages"}],"about":[{"href":"https:\/\/sivamtl.ca\/fr\/wp-json\/wp\/v2\/types\/page"}],"author":[{"embeddable":true,"href":"https:\/\/sivamtl.ca\/fr\/wp-json\/wp\/v2\/users\/1"}],"replies":[{"embeddable":true,"href":"https:\/\/sivamtl.ca\/fr\/wp-json\/wp\/v2\/comments?post=401"}],"version-history":[{"count":5,"href":"https:\/\/sivamtl.ca\/fr\/wp-json\/wp\/v2\/pages\/401\/revisions"}],"predecessor-version":[{"id":407,"href":"https:\/\/sivamtl.ca\/fr\/wp-json\/wp\/v2\/pages\/401\/revisions\/407"}],"wp:attachment":[{"href":"https:\/\/sivamtl.ca\/fr\/wp-json\/wp\/v2\/media?parent=401"}],"curies":[{"name":"wp","href":"https:\/\/api.w.org\/{rel}","templated":true}]}}